{"id":389,"date":"2020-04-17T12:29:00","date_gmt":"2020-04-17T10:29:00","guid":{"rendered":"http:\/\/www.walhalla-lamm.de\/cms\/?post_type=product&#038;p=389"},"modified":"2025-06-30T16:18:26","modified_gmt":"2025-06-30T14:18:26","slug":"schafwoll-flachtier-elefant","status":"publish","type":"product","link":"https:\/\/www.walhalla-lamm.de\/cms\/shop\/schafwoll-kuscheltiere\/schafwoll-flachtiere\/schafwoll-flachtier-elefant\/","title":{"rendered":"Schafwoll-Flachtier Elefant"},"content":{"rendered":"<p>Schafwoll-Flachtier Elefant mit Rassel im Bauch<\/p>\n<p>Speziell f\u00fcr S\u00e4uglinge entwickelt, mit gen\u00e4hten Augen und speichelecht.<\/p>\n<p>Gr\u00f6\u00dfe: 17 cm<\/p>\n","protected":false},"excerpt":{"rendered":"<p>Schafwoll-Flachtier Elefant mit Rassel im Bauch Speziell f\u00fcr S\u00e4uglinge entwickelt, mit gen\u00e4hten Augen und speichelecht. Gr\u00f6\u00dfe: 17 cm<\/p>\n","protected":false},"featured_media":4497,"comment_status":"closed","ping_status":"closed","template":"","meta":[],"product_brand":[],"product_cat":[46],"product_tag":[],"class_list":{"0":"post-389","1":"product","2":"type-product","3":"status-publish","4":"has-post-thumbnail","6":"product_cat-schafwoll-flachtiere","8":"first","9":"instock","10":"taxable","11":"shipping-taxable","12":"purchasable","13":"product-type-simple"},"_links":{"self":[{"href":"https:\/\/www.walhalla-lamm.de\/cms\/wp-json\/wp\/v2\/product\/389","targetHints":{"allow":["GET"]}}],"collection":[{"href":"https:\/\/www.walhalla-lamm.de\/cms\/wp-json\/wp\/v2\/product"}],"about":[{"href":"https:\/\/www.walhalla-lamm.de\/cms\/wp-json\/wp\/v2\/types\/product"}],"replies":[{"embeddable":true,"href":"https:\/\/www.walhalla-lamm.de\/cms\/wp-json\/wp\/v2\/comments?post=389"}],"wp:featuredmedia":[{"embeddable":true,"href":"https:\/\/www.walhalla-lamm.de\/cms\/wp-json\/wp\/v2\/media\/4497"}],"wp:attachment":[{"href":"https:\/\/www.walhalla-lamm.de\/cms\/wp-json\/wp\/v2\/media?parent=389"}],"wp:term":[{"taxonomy":"product_brand","embeddable":true,"href":"https:\/\/www.walhalla-lamm.de\/cms\/wp-json\/wp\/v2\/product_brand?post=389"},{"taxonomy":"product_cat","embeddable":true,"href":"https:\/\/www.walhalla-lamm.de\/cms\/wp-json\/wp\/v2\/product_cat?post=389"},{"taxonomy":"product_tag","embeddable":true,"href":"https:\/\/www.walhalla-lamm.de\/cms\/wp-json\/wp\/v2\/product_tag?post=389"}],"curies":[{"name":"wp","href":"https:\/\/api.w.org\/{rel}","templated":true}]}}