{"id":3894,"date":"2022-02-25T16:29:47","date_gmt":"2022-02-25T15:29:47","guid":{"rendered":"http:\/\/www.walhalla-lamm.de\/cms\/?post_type=product&#038;p=3894"},"modified":"2025-10-20T21:02:53","modified_gmt":"2025-10-20T19:02:53","slug":"schafwoll-filz-eierwaermer-tiger","status":"publish","type":"product","link":"https:\/\/www.walhalla-lamm.de\/cms\/shop\/filzprodukte\/filz-eierwaermer\/schafwoll-filz-eierwaermer-tiger\/","title":{"rendered":"Schafwoll-Filz Eierw\u00e4rmer Tiger"},"content":{"rendered":"<p>Ein lustiger Begleiter an Ihrem Fr\u00fchst\u00fcckstisch.<\/p>\n<p>Dieser Eierw\u00e4rmer ist handgefilzt und aus 100% Schafwolle.<\/p>\n<p>Jedes Tierchen hat seinen eigenen, individuellen Gesichtsausdruck und ist somit eine kleine Pers\u00f6nlichkeit.<\/p>\n<p>Gr\u00f6\u00dfe: ca. 16 cm \/ Durchmesser: ca. 7 cm<\/p>\n","protected":false},"excerpt":{"rendered":"<p>Ein lustiger Begleiter an Ihrem Fr\u00fchst\u00fcckstisch. Dieser Eierw\u00e4rmer ist handgefilzt und aus 100% Schafwolle. Jedes Tierchen hat seinen eigenen, individuellen Gesichtsausdruck und ist somit eine kleine Pers\u00f6nlichkeit. Gr\u00f6\u00dfe: ca. 16 cm \/ Durchmesser: ca. 7 cm<\/p>\n","protected":false},"featured_media":3895,"comment_status":"closed","ping_status":"closed","template":"","meta":[],"product_brand":[],"product_cat":[222],"product_tag":[],"class_list":{"0":"post-3894","1":"product","2":"type-product","3":"status-publish","4":"has-post-thumbnail","6":"product_cat-filz-eierwaermer","8":"first","9":"outofstock","10":"taxable","11":"shipping-taxable","12":"purchasable","13":"product-type-simple"},"_links":{"self":[{"href":"https:\/\/www.walhalla-lamm.de\/cms\/wp-json\/wp\/v2\/product\/3894","targetHints":{"allow":["GET"]}}],"collection":[{"href":"https:\/\/www.walhalla-lamm.de\/cms\/wp-json\/wp\/v2\/product"}],"about":[{"href":"https:\/\/www.walhalla-lamm.de\/cms\/wp-json\/wp\/v2\/types\/product"}],"replies":[{"embeddable":true,"href":"https:\/\/www.walhalla-lamm.de\/cms\/wp-json\/wp\/v2\/comments?post=3894"}],"wp:featuredmedia":[{"embeddable":true,"href":"https:\/\/www.walhalla-lamm.de\/cms\/wp-json\/wp\/v2\/media\/3895"}],"wp:attachment":[{"href":"https:\/\/www.walhalla-lamm.de\/cms\/wp-json\/wp\/v2\/media?parent=3894"}],"wp:term":[{"taxonomy":"product_brand","embeddable":true,"href":"https:\/\/www.walhalla-lamm.de\/cms\/wp-json\/wp\/v2\/product_brand?post=3894"},{"taxonomy":"product_cat","embeddable":true,"href":"https:\/\/www.walhalla-lamm.de\/cms\/wp-json\/wp\/v2\/product_cat?post=3894"},{"taxonomy":"product_tag","embeddable":true,"href":"https:\/\/www.walhalla-lamm.de\/cms\/wp-json\/wp\/v2\/product_tag?post=3894"}],"curies":[{"name":"wp","href":"https:\/\/api.w.org\/{rel}","templated":true}]}}