{"id":4072,"date":"2022-03-12T07:58:25","date_gmt":"2022-03-12T06:58:25","guid":{"rendered":"http:\/\/www.walhalla-lamm.de\/cms\/?post_type=product&#038;p=4072"},"modified":"2026-04-01T11:29:04","modified_gmt":"2026-04-01T09:29:04","slug":"schafwoll-socken-mit-sternenmuster-feinstrick","status":"publish","type":"product","link":"https:\/\/www.walhalla-lamm.de\/cms\/shop\/wollsocken\/schafwoll-socken-mit-sternenmuster-feinstrick\/","title":{"rendered":"Schafwoll-Socken mit Sternenmuster &#8211; Feinstrick"},"content":{"rendered":"<p>Unsere d\u00fcnnen Socke f\u00fcr den Sommer.<\/p>\n<p>Die Socken unserer Walhalla-Lamm Kollektion werden ausschlie\u00dflich aus Wollen von deutscher Schur hergestellt. Es wird darauf verzichtet, die Wollgarne \u00fcber das, was die Natur von alleine mitbringt, auszur\u00fcsten. Nur so bleibt die nat\u00fcrliche Struktur der Wolle erhalten. Allein durch die Auswahl bestimmter Wollqualit\u00e4ten, die durch ihre nat\u00fcrliche Beschaffenheit eine geringe Filzneigung haben, wird eine einfache Pflege der Wollartikel erreicht. \u2013 in Deutschland gestrickt \u2013<\/p>\n<p>Klassische Socke mit Norweger-Sternenmuster aus reiner Bio-Schurwolle aus kontrolliert biologischer Tierhaltung.<\/p>\n<p>Dreif\u00e4dig gestrickt in verschiedenen Farbkombinationen.<\/p>\n","protected":false},"excerpt":{"rendered":"<p>W\u00e4hlen Sie Farbe und Gr\u00f6\u00dfe f\u00fcr Ihre Socken.<\/p>\n","protected":false},"featured_media":4109,"comment_status":"closed","ping_status":"closed","template":"","meta":[],"product_brand":[],"product_cat":[168],"product_tag":[],"class_list":{"0":"post-4072","1":"product","2":"type-product","3":"status-publish","4":"has-post-thumbnail","6":"product_cat-wollsocken","8":"first","9":"instock","10":"taxable","11":"shipping-taxable","12":"purchasable","13":"product-type-variable"},"_links":{"self":[{"href":"https:\/\/www.walhalla-lamm.de\/cms\/wp-json\/wp\/v2\/product\/4072","targetHints":{"allow":["GET"]}}],"collection":[{"href":"https:\/\/www.walhalla-lamm.de\/cms\/wp-json\/wp\/v2\/product"}],"about":[{"href":"https:\/\/www.walhalla-lamm.de\/cms\/wp-json\/wp\/v2\/types\/product"}],"replies":[{"embeddable":true,"href":"https:\/\/www.walhalla-lamm.de\/cms\/wp-json\/wp\/v2\/comments?post=4072"}],"wp:featuredmedia":[{"embeddable":true,"href":"https:\/\/www.walhalla-lamm.de\/cms\/wp-json\/wp\/v2\/media\/4109"}],"wp:attachment":[{"href":"https:\/\/www.walhalla-lamm.de\/cms\/wp-json\/wp\/v2\/media?parent=4072"}],"wp:term":[{"taxonomy":"product_brand","embeddable":true,"href":"https:\/\/www.walhalla-lamm.de\/cms\/wp-json\/wp\/v2\/product_brand?post=4072"},{"taxonomy":"product_cat","embeddable":true,"href":"https:\/\/www.walhalla-lamm.de\/cms\/wp-json\/wp\/v2\/product_cat?post=4072"},{"taxonomy":"product_tag","embeddable":true,"href":"https:\/\/www.walhalla-lamm.de\/cms\/wp-json\/wp\/v2\/product_tag?post=4072"}],"curies":[{"name":"wp","href":"https:\/\/api.w.org\/{rel}","templated":true}]}}