{"id":454,"date":"2020-04-18T20:31:08","date_gmt":"2020-04-18T18:31:08","guid":{"rendered":"http:\/\/www.walhalla-lamm.de\/cms\/?post_type=product&#038;p=454"},"modified":"2025-06-30T16:54:41","modified_gmt":"2025-06-30T14:54:41","slug":"schafwoll-kuscheltier-igel","status":"publish","type":"product","link":"https:\/\/www.walhalla-lamm.de\/cms\/shop\/schafwoll-kuscheltiere\/schafwoll-kuscheltier-igel\/","title":{"rendered":"Schafwoll-Kuscheltier Igel"},"content":{"rendered":"<p>Schafwoll-Kuscheltier Igel<\/p>\n<p>Schafwoll-Kuscheltier Igel, aus 100%iger, reiner Schafwolle ohne Kunstfasern und nat\u00fcrlich farbecht <strong>in Bayern<\/strong> hergestellt und mit Schurwolle weich gef\u00fcllt.<\/p>\n<p>Es gibt zwei Gr\u00f6\u00dfen zur Auswahl, die Sie durch anklicken der Gr\u00f6\u00dfe w\u00e4hlen.<\/p>\n<p>Frei von Giftstoffen, mit Sicherheitsaugen, schwer entflammbar, speichelecht und CE-zertifiziert.<\/p>\n","protected":false},"excerpt":{"rendered":"<p>Der Igel ist ca. 14 cm (gro\u00dfer Igel 22 cm) lang, 9 cm (gro\u00dfer Igel 12 cm) breit und 8 cm (gro\u00dfer Igel 11 cm) hoch.<\/p>\n","protected":false},"featured_media":4598,"comment_status":"closed","ping_status":"closed","template":"","meta":[],"product_brand":[],"product_cat":[45],"product_tag":[],"class_list":{"0":"post-454","1":"product","2":"type-product","3":"status-publish","4":"has-post-thumbnail","6":"product_cat-schafwoll-kuscheltiere","8":"first","9":"instock","10":"taxable","11":"shipping-taxable","12":"purchasable","13":"product-type-variable"},"_links":{"self":[{"href":"https:\/\/www.walhalla-lamm.de\/cms\/wp-json\/wp\/v2\/product\/454","targetHints":{"allow":["GET"]}}],"collection":[{"href":"https:\/\/www.walhalla-lamm.de\/cms\/wp-json\/wp\/v2\/product"}],"about":[{"href":"https:\/\/www.walhalla-lamm.de\/cms\/wp-json\/wp\/v2\/types\/product"}],"replies":[{"embeddable":true,"href":"https:\/\/www.walhalla-lamm.de\/cms\/wp-json\/wp\/v2\/comments?post=454"}],"wp:featuredmedia":[{"embeddable":true,"href":"https:\/\/www.walhalla-lamm.de\/cms\/wp-json\/wp\/v2\/media\/4598"}],"wp:attachment":[{"href":"https:\/\/www.walhalla-lamm.de\/cms\/wp-json\/wp\/v2\/media?parent=454"}],"wp:term":[{"taxonomy":"product_brand","embeddable":true,"href":"https:\/\/www.walhalla-lamm.de\/cms\/wp-json\/wp\/v2\/product_brand?post=454"},{"taxonomy":"product_cat","embeddable":true,"href":"https:\/\/www.walhalla-lamm.de\/cms\/wp-json\/wp\/v2\/product_cat?post=454"},{"taxonomy":"product_tag","embeddable":true,"href":"https:\/\/www.walhalla-lamm.de\/cms\/wp-json\/wp\/v2\/product_tag?post=454"}],"curies":[{"name":"wp","href":"https:\/\/api.w.org\/{rel}","templated":true}]}}