{"id":478,"date":"2020-04-19T12:15:59","date_gmt":"2020-04-19T10:15:59","guid":{"rendered":"http:\/\/www.walhalla-lamm.de\/cms\/?post_type=product&#038;p=478"},"modified":"2026-02-07T04:38:14","modified_gmt":"2026-02-07T03:38:14","slug":"handcreme-mit-schafmilch-mandeloel","status":"publish","type":"product","link":"https:\/\/www.walhalla-lamm.de\/cms\/shop\/seife-kosmetik\/koerperpflege\/cremes\/handcreme-mit-schafmilch-mandeloel\/","title":{"rendered":"Handcreme mit Schafmilch Mandel\u00f6l"},"content":{"rendered":"<p>Die Handcreme von Florex verw\u00f6hnt Ihre H\u00e4nde bei Tag und Nacht mit kostbaren Inhaltsstoffen. Der dezente-nussige Duft und die zarte Textur machen die Schafmilch-Handcreme ideal zur t\u00e4glichen Pflege.<\/p>\n<p>Sie sch\u00fctzt trockene und strapazierte H\u00e4nde, zieht schnell ein und verleiht durch die Schafmilch der Haut Feuchtigkeit ohne einen unangenehmen Film auf der Haut zu hinterlassen.<\/p>\n<div>\n<div class=\"vqSBk\">\n<p><strong>Ohne Palm\u00f6l, Erd\u00f6l, Silikone und Parabene<\/strong><\/p>\n<\/div>\n<\/div>\n","protected":false},"excerpt":{"rendered":"<p>Die Handcreme von Florex verw\u00f6hnt Ihre H\u00e4nde bei Tag und Nacht mit kostbaren Inhaltsstoffen. Der dezente-nussige Duft und die zarte Textur machen die Schafmilch-Handcreme ideal zur t\u00e4glichen Pflege. Sie sch\u00fctzt trockene und strapazierte H\u00e4nde, zieht schnell ein und verleiht durch die Schafmilch der Haut Feuchtigkeit ohne einen unangenehmen Film auf der Haut zu hinterlassen. Ohne [&hellip;]<\/p>\n","protected":false},"featured_media":4624,"comment_status":"closed","ping_status":"closed","template":"","meta":[],"product_brand":[],"product_cat":[59,22],"product_tag":[],"class_list":{"0":"post-478","1":"product","2":"type-product","3":"status-publish","4":"has-post-thumbnail","6":"product_cat-cremes","7":"product_cat-seife-kosmetik","9":"first","10":"instock","11":"taxable","12":"shipping-taxable","13":"purchasable","14":"product-type-simple"},"_links":{"self":[{"href":"https:\/\/www.walhalla-lamm.de\/cms\/wp-json\/wp\/v2\/product\/478","targetHints":{"allow":["GET"]}}],"collection":[{"href":"https:\/\/www.walhalla-lamm.de\/cms\/wp-json\/wp\/v2\/product"}],"about":[{"href":"https:\/\/www.walhalla-lamm.de\/cms\/wp-json\/wp\/v2\/types\/product"}],"replies":[{"embeddable":true,"href":"https:\/\/www.walhalla-lamm.de\/cms\/wp-json\/wp\/v2\/comments?post=478"}],"wp:featuredmedia":[{"embeddable":true,"href":"https:\/\/www.walhalla-lamm.de\/cms\/wp-json\/wp\/v2\/media\/4624"}],"wp:attachment":[{"href":"https:\/\/www.walhalla-lamm.de\/cms\/wp-json\/wp\/v2\/media?parent=478"}],"wp:term":[{"taxonomy":"product_brand","embeddable":true,"href":"https:\/\/www.walhalla-lamm.de\/cms\/wp-json\/wp\/v2\/product_brand?post=478"},{"taxonomy":"product_cat","embeddable":true,"href":"https:\/\/www.walhalla-lamm.de\/cms\/wp-json\/wp\/v2\/product_cat?post=478"},{"taxonomy":"product_tag","embeddable":true,"href":"https:\/\/www.walhalla-lamm.de\/cms\/wp-json\/wp\/v2\/product_tag?post=478"}],"curies":[{"name":"wp","href":"https:\/\/api.w.org\/{rel}","templated":true}]}}