{"id":5600,"date":"2023-03-30T14:02:16","date_gmt":"2023-03-30T12:02:16","guid":{"rendered":"http:\/\/www.walhalla-lamm.de\/cms\/?post_type=product&#038;p=5600"},"modified":"2026-03-31T18:09:38","modified_gmt":"2026-03-31T16:09:38","slug":"schafmilchseife-feuerwehrschaum-beerentraum","status":"publish","type":"product","link":"https:\/\/www.walhalla-lamm.de\/cms\/shop\/seife-kosmetik\/100gstuecke\/schafmilchseifen\/schafmilchseife-feuerwehrschaum-beerentraum\/","title":{"rendered":"Schafmilchseife Feuerwehrschaum (Beerentraum)"},"content":{"rendered":"<p>Der Einsatz ruft, rette deine Freunde in der schaumigen Abenteuerwelt.<\/p>\n<p><strong>Original Florex\u00ae\u00a0Kinderwelt Schafmilchseife<\/strong><br \/>\nist besonders gut geeignet f\u00fcr das t\u00e4gliche Hautpflege-Ritual von kleinen Feuerwehrfreunden.<\/p>\n<p>Die sanfte Rezeptur tr\u00e4gt dazu bei, die Haut der kleinen Feuerwehrfreunde gesund und geschmeidig zu erhalten.<\/p>\n<ul>\n<li>Spendet Feuchtigkeit und sch\u00fctzt die Haut vor dem Austrocknen<\/li>\n<li>Reinigt sanft und gr\u00fcndlich kleine Kinderh\u00e4nde<\/li>\n<li>Macht H\u00e4ndewaschen f\u00fcr kleine Feuerwehrfreunde zum schaumigen Erlebnis<\/li>\n<li>F\u00fcr sensible Kinderhaut<\/li>\n<li>Ideale Kombination aus Pflege und Spa\u00df<\/li>\n<li>Mit biologischer Schafmilch<\/li>\n<\/ul>\n<p><strong>Tipp:<\/strong> Florex-Kinderwelt Schafmilchseife, hergestellt mit hochwertigen Inhaltsstoffen, ist vielseitig einsetzbar und eignet sich perfekt f\u00fcr Gesicht, K\u00f6rper und H\u00e4nde.<\/p>\n","protected":false},"excerpt":{"rendered":"<p>Der Einsatz ruft, rette deine Freunde in der schaumigen Abenteuerwelt. Original Florex\u00ae\u00a0Kinderwelt Schafmilchseife ist besonders gut geeignet f\u00fcr das t\u00e4gliche Hautpflege-Ritual von kleinen Feuerwehrfreunden. Die sanfte Rezeptur tr\u00e4gt dazu bei, die Haut der kleinen Feuerwehrfreunde gesund und geschmeidig zu erhalten. Spendet Feuchtigkeit und sch\u00fctzt die Haut vor dem Austrocknen Reinigt sanft und gr\u00fcndlich kleine Kinderh\u00e4nde [&hellip;]<\/p>\n","protected":false},"featured_media":7741,"comment_status":"closed","ping_status":"closed","template":"","meta":[],"product_brand":[],"product_cat":[26],"product_tag":[],"class_list":{"0":"post-5600","1":"product","2":"type-product","3":"status-publish","4":"has-post-thumbnail","6":"product_cat-schafmilchseifen","8":"first","9":"instock","10":"taxable","11":"shipping-taxable","12":"purchasable","13":"product-type-simple"},"_links":{"self":[{"href":"https:\/\/www.walhalla-lamm.de\/cms\/wp-json\/wp\/v2\/product\/5600","targetHints":{"allow":["GET"]}}],"collection":[{"href":"https:\/\/www.walhalla-lamm.de\/cms\/wp-json\/wp\/v2\/product"}],"about":[{"href":"https:\/\/www.walhalla-lamm.de\/cms\/wp-json\/wp\/v2\/types\/product"}],"replies":[{"embeddable":true,"href":"https:\/\/www.walhalla-lamm.de\/cms\/wp-json\/wp\/v2\/comments?post=5600"}],"wp:featuredmedia":[{"embeddable":true,"href":"https:\/\/www.walhalla-lamm.de\/cms\/wp-json\/wp\/v2\/media\/7741"}],"wp:attachment":[{"href":"https:\/\/www.walhalla-lamm.de\/cms\/wp-json\/wp\/v2\/media?parent=5600"}],"wp:term":[{"taxonomy":"product_brand","embeddable":true,"href":"https:\/\/www.walhalla-lamm.de\/cms\/wp-json\/wp\/v2\/product_brand?post=5600"},{"taxonomy":"product_cat","embeddable":true,"href":"https:\/\/www.walhalla-lamm.de\/cms\/wp-json\/wp\/v2\/product_cat?post=5600"},{"taxonomy":"product_tag","embeddable":true,"href":"https:\/\/www.walhalla-lamm.de\/cms\/wp-json\/wp\/v2\/product_tag?post=5600"}],"curies":[{"name":"wp","href":"https:\/\/api.w.org\/{rel}","templated":true}]}}