{"id":5707,"date":"2023-06-14T09:12:01","date_gmt":"2023-06-14T07:12:01","guid":{"rendered":"http:\/\/www.walhalla-lamm.de\/cms\/?post_type=product&#038;p=5707"},"modified":"2026-02-24T22:59:52","modified_gmt":"2026-02-24T21:59:52","slug":"seifen-ueberraschung","status":"publish","type":"product","link":"https:\/\/www.walhalla-lamm.de\/cms\/shop\/sale\/seifen-ueberraschung\/","title":{"rendered":"Seifen \u00dcberraschung"},"content":{"rendered":"<p>Dieser Artikel stellt einen Platzhalter f\u00fcr Kosmetikprodukte dar, die wir nicht mehr als 1A-Ware verkaufen w\u00fcrden. Das k\u00f6nnen Seifen sein, bei denen der Karton im Lager einmal unsanft zu Boden gegangen ist, Kosmetik die in einem Schaufenster oder unserer Warenauslage stand, bei der Etiketten besch\u00e4digt sind, die etwas Feuchtigkeit angenommen haben usw.<\/p>\n<p>Es sind immer Artikel, die urspr\u00fcnglich f\u00fcr 1A vorgesehen waren, also keine Abweichung hinsichtlich der verwendeten Zutaten bei der Produktion. In der Regel sind die Beeintr\u00e4chtigungen lediglich optisch.<\/p>\n<p>Diese Ware f\u00e4llt zwangsl\u00e4ufig an, wird aber nicht hierf\u00fcr produziert. Es kann sich also immer um andere oder eine Zusammenstellung daraus handeln (Seife, K\u00f6rperbutter, Badepraline): Eine \u00dcberraschung eben. <strong>Im Vergleich zum urspr\u00fcnglichen Verkaufspreis ergibt sich eine Ersparnis von mindestens 50%.\u00a0<\/strong><\/p>\n<p>Dieser Artikel wird sich aus unterschiedlichen Produkten (Seifen\/Badepralinen usw.) zusammensetzen. Weder das Gesamtgewicht\/-volumen noch die Einzelpreise sind bekannt, so da\u00df hier kein Grundpreis angegeben werden kann. Greifen Sie gegebenenfalls auf das regul\u00e4re Sortiment zur\u00fcck.<\/p>\n<p>Wir verkaufen diese Produkte unter Ausschlu\u00df jeder Haftung nur zur Verwendung als Dekoration.<\/p>\n","protected":false},"excerpt":{"rendered":"<p>Dieser Artikel stellt einen Platzhalter f\u00fcr Kosmetikprodukte dar, die wir nicht mehr als 1A-Ware verkaufen w\u00fcrden. Das k\u00f6nnen Seifen sein, bei denen der Karton im Lager einmal unsanft zu Boden gegangen ist, Kosmetik die in einem Schaufenster oder unserer Warenauslage stand, bei der Etiketten besch\u00e4digt sind, die etwas Feuchtigkeit angenommen haben usw. Es sind immer [&hellip;]<\/p>\n","protected":false},"featured_media":7404,"comment_status":"closed","ping_status":"closed","template":"","meta":[],"product_brand":[],"product_cat":[236],"product_tag":[],"class_list":{"0":"post-5707","1":"product","2":"type-product","3":"status-publish","4":"has-post-thumbnail","6":"product_cat-sale","8":"first","9":"instock","10":"sale","11":"sold-individually","12":"taxable","13":"shipping-taxable","14":"purchasable","15":"product-type-simple"},"_links":{"self":[{"href":"https:\/\/www.walhalla-lamm.de\/cms\/wp-json\/wp\/v2\/product\/5707","targetHints":{"allow":["GET"]}}],"collection":[{"href":"https:\/\/www.walhalla-lamm.de\/cms\/wp-json\/wp\/v2\/product"}],"about":[{"href":"https:\/\/www.walhalla-lamm.de\/cms\/wp-json\/wp\/v2\/types\/product"}],"replies":[{"embeddable":true,"href":"https:\/\/www.walhalla-lamm.de\/cms\/wp-json\/wp\/v2\/comments?post=5707"}],"wp:featuredmedia":[{"embeddable":true,"href":"https:\/\/www.walhalla-lamm.de\/cms\/wp-json\/wp\/v2\/media\/7404"}],"wp:attachment":[{"href":"https:\/\/www.walhalla-lamm.de\/cms\/wp-json\/wp\/v2\/media?parent=5707"}],"wp:term":[{"taxonomy":"product_brand","embeddable":true,"href":"https:\/\/www.walhalla-lamm.de\/cms\/wp-json\/wp\/v2\/product_brand?post=5707"},{"taxonomy":"product_cat","embeddable":true,"href":"https:\/\/www.walhalla-lamm.de\/cms\/wp-json\/wp\/v2\/product_cat?post=5707"},{"taxonomy":"product_tag","embeddable":true,"href":"https:\/\/www.walhalla-lamm.de\/cms\/wp-json\/wp\/v2\/product_tag?post=5707"}],"curies":[{"name":"wp","href":"https:\/\/api.w.org\/{rel}","templated":true}]}}