{"id":611,"date":"2020-04-21T10:23:18","date_gmt":"2020-04-21T08:23:18","guid":{"rendered":"http:\/\/www.walhalla-lamm.de\/cms\/?post_type=product&#038;p=611"},"modified":"2026-03-07T10:29:51","modified_gmt":"2026-03-07T09:29:51","slug":"propolis-seife-handgeschoepft","status":"publish","type":"product","link":"https:\/\/www.walhalla-lamm.de\/cms\/shop\/seife-kosmetik\/spezialseifen\/propolis-seife-handgeschoepft\/","title":{"rendered":"Propolis-Seife handgesch\u00f6pft palm\u00f6lfrei"},"content":{"rendered":"<p>Gesunde Haut mit Hilfe der Bienen<\/p>\n<p>Diese Seife mit ihrem cremig-feinen Duft ist speziell f\u00fcr empfindliche und anspruchsvolle Haut. Auf Basis von Mandel-, Oliven-, Kokos\u00f6l und Sheabutter st\u00e4rkt sie durch die Zugabe von wertvollem Propolis die Widerstandskraft Ihrer Haut.<\/p>\n<p>Unsere Seifen werden bei der Herstellung schonend kaltger\u00fchrt. Bei der Verseifung entsteht das nat\u00fcrliche Glyzerin, welches erhalten bleibt und diese Seife durch ihre sanfte und hautschonende Pflege mit einem milden Seifenschaum auszeichnet.<\/p>\n<div class=\"rd-product-description\">\n<div class=\"rd-product-description__text\">\n<div>\n<p>Wir empfehlen die Popolisseife bei Pubert\u00e4tshaut zweimal t\u00e4glich anzuwenden.<\/p>\n<p>Unsere Propolisseife ist handgesch\u00f6pft und <strong>ohne Palm\u00f6l, Duft- und Farbstoffe<\/strong>\u00a0hergestellt.<\/p>\n<p>&nbsp;<\/p>\n<p>Wissenswertes:<br \/>\nPropolis ist eine kittartige Masse, die von Bienen hergestellt und im Bienenstock in den Wabenzellen und an den Flugl\u00f6chern des Bienenstocks angebracht wird. In frischer Form ist Propolis klebrig und besteht aus einem Gemisch von Baumharzen, Pollenbalsam, Wachsen, Bl\u00fctenpollen, Honig und k\u00f6rpereigenen Stoffen der Biene und verfestigt sich allm\u00e4hlich. Die harzartige Masse wird von den Bienen zum schlie\u00dfen von offenen Ritzen in der Behausung verwendet und sch\u00fctzt durch seine antibiotische und antivirale Wirkung gleichzeitig den Bienenstock vor Krankheitserregern.<\/p>\n<\/div>\n<\/div>\n<\/div>\n","protected":false},"excerpt":{"rendered":"<p>Gesunde Haut mit Hilfe der Bienen Diese Seife mit ihrem cremig-feinen Duft ist speziell f\u00fcr empfindliche und anspruchsvolle Haut. Auf Basis von Mandel-, Oliven-, Kokos\u00f6l und Sheabutter st\u00e4rkt sie durch die Zugabe von wertvollem Propolis die Widerstandskraft Ihrer Haut. Unsere Seifen werden bei der Herstellung schonend kaltger\u00fchrt. Bei der Verseifung entsteht das nat\u00fcrliche Glyzerin, welches [&hellip;]<\/p>\n","protected":false},"featured_media":4723,"comment_status":"closed","ping_status":"closed","template":"","meta":[],"product_brand":[],"product_cat":[43],"product_tag":[],"class_list":{"0":"post-611","1":"product","2":"type-product","3":"status-publish","4":"has-post-thumbnail","6":"product_cat-spezialseifen","8":"first","9":"instock","10":"taxable","11":"shipping-taxable","12":"purchasable","13":"product-type-simple"},"_links":{"self":[{"href":"https:\/\/www.walhalla-lamm.de\/cms\/wp-json\/wp\/v2\/product\/611","targetHints":{"allow":["GET"]}}],"collection":[{"href":"https:\/\/www.walhalla-lamm.de\/cms\/wp-json\/wp\/v2\/product"}],"about":[{"href":"https:\/\/www.walhalla-lamm.de\/cms\/wp-json\/wp\/v2\/types\/product"}],"replies":[{"embeddable":true,"href":"https:\/\/www.walhalla-lamm.de\/cms\/wp-json\/wp\/v2\/comments?post=611"}],"wp:featuredmedia":[{"embeddable":true,"href":"https:\/\/www.walhalla-lamm.de\/cms\/wp-json\/wp\/v2\/media\/4723"}],"wp:attachment":[{"href":"https:\/\/www.walhalla-lamm.de\/cms\/wp-json\/wp\/v2\/media?parent=611"}],"wp:term":[{"taxonomy":"product_brand","embeddable":true,"href":"https:\/\/www.walhalla-lamm.de\/cms\/wp-json\/wp\/v2\/product_brand?post=611"},{"taxonomy":"product_cat","embeddable":true,"href":"https:\/\/www.walhalla-lamm.de\/cms\/wp-json\/wp\/v2\/product_cat?post=611"},{"taxonomy":"product_tag","embeddable":true,"href":"https:\/\/www.walhalla-lamm.de\/cms\/wp-json\/wp\/v2\/product_tag?post=611"}],"curies":[{"name":"wp","href":"https:\/\/api.w.org\/{rel}","templated":true}]}}