{"id":6363,"date":"2024-01-27T00:41:13","date_gmt":"2024-01-26T23:41:13","guid":{"rendered":"http:\/\/www.walhalla-lamm.de\/cms\/?post_type=product&#038;p=6363"},"modified":"2026-04-03T10:45:00","modified_gmt":"2026-04-03T08:45:00","slug":"lanolinseife-sandelholz","status":"publish","type":"product","link":"https:\/\/www.walhalla-lamm.de\/cms\/shop\/seife-kosmetik\/100gstuecke\/lanolinseife\/lanolinseife-sandelholz\/","title":{"rendered":"Lanolinseife Sandelholz"},"content":{"rendered":"<p>Klassiker f\u00fcr M\u00e4nner<\/p>\n<p>Afrikanisches Sandelholz m\u00fcssen Sie einfach probieren ! Zwar haben wir sie f\u00fcr IHN entwickelt, dennoch sorgt sie mit ihrem anregenden Sandelholz Duft gerade bei der holden Weiblichkeit f\u00fcr Freude und Wohlgefallen in der Nase.\u00a0 Das Beste aber sind die rund 3 Prozent Wollfett- damit beugt Man(n) jedesmal schon beim Einseifen trockener Haut vor. Zudem sorgt sie mit ihrer herrlichen R\u00fcckfettung gerade bei sensibler Haut f\u00fcr sp\u00fcrbare Pflege &#8211; wir w\u00fcnschen viel Freude!<\/p>\n<p>Viel Spa\u00df bei Waschen und Duschen.<\/p>\n","protected":false},"excerpt":{"rendered":"<p>Klassiker f\u00fcr M\u00e4nner Afrikanisches Sandelholz m\u00fcssen Sie einfach probieren ! Zwar haben wir sie f\u00fcr IHN entwickelt, dennoch sorgt sie mit ihrem anregenden Sandelholz Duft gerade bei der holden Weiblichkeit f\u00fcr Freude und Wohlgefallen in der Nase.\u00a0 Das Beste aber sind die rund 3 Prozent Wollfett- damit beugt Man(n) jedesmal schon beim Einseifen trockener Haut [&hellip;]<\/p>\n","protected":false},"featured_media":7909,"comment_status":"closed","ping_status":"closed","template":"","meta":[],"product_brand":[],"product_cat":[23,22],"product_tag":[],"class_list":{"0":"post-6363","1":"product","2":"type-product","3":"status-publish","4":"has-post-thumbnail","6":"product_cat-lanolinseife","7":"product_cat-seife-kosmetik","9":"first","10":"instock","11":"featured","12":"taxable","13":"shipping-taxable","14":"purchasable","15":"product-type-simple"},"_links":{"self":[{"href":"https:\/\/www.walhalla-lamm.de\/cms\/wp-json\/wp\/v2\/product\/6363","targetHints":{"allow":["GET"]}}],"collection":[{"href":"https:\/\/www.walhalla-lamm.de\/cms\/wp-json\/wp\/v2\/product"}],"about":[{"href":"https:\/\/www.walhalla-lamm.de\/cms\/wp-json\/wp\/v2\/types\/product"}],"replies":[{"embeddable":true,"href":"https:\/\/www.walhalla-lamm.de\/cms\/wp-json\/wp\/v2\/comments?post=6363"}],"wp:featuredmedia":[{"embeddable":true,"href":"https:\/\/www.walhalla-lamm.de\/cms\/wp-json\/wp\/v2\/media\/7909"}],"wp:attachment":[{"href":"https:\/\/www.walhalla-lamm.de\/cms\/wp-json\/wp\/v2\/media?parent=6363"}],"wp:term":[{"taxonomy":"product_brand","embeddable":true,"href":"https:\/\/www.walhalla-lamm.de\/cms\/wp-json\/wp\/v2\/product_brand?post=6363"},{"taxonomy":"product_cat","embeddable":true,"href":"https:\/\/www.walhalla-lamm.de\/cms\/wp-json\/wp\/v2\/product_cat?post=6363"},{"taxonomy":"product_tag","embeddable":true,"href":"https:\/\/www.walhalla-lamm.de\/cms\/wp-json\/wp\/v2\/product_tag?post=6363"}],"curies":[{"name":"wp","href":"https:\/\/api.w.org\/{rel}","templated":true}]}}