{"id":649,"date":"2020-04-24T07:47:09","date_gmt":"2020-04-24T05:47:09","guid":{"rendered":"http:\/\/www.walhalla-lamm.de\/cms\/?post_type=product&#038;p=649"},"modified":"2026-04-08T19:14:21","modified_gmt":"2026-04-08T17:14:21","slug":"badepraline-mit-schafmilch","status":"publish","type":"product","link":"https:\/\/www.walhalla-lamm.de\/cms\/shop\/seife-kosmetik\/koerperpflege\/badepraline-mit-schafmilch\/","title":{"rendered":"Badepraline mit Schafmilch Wiesenduft"},"content":{"rendered":"<p>Cleopatra nahm Eselsmilch \u2013 wir nehmen Schafmilch!<\/p>\n<p>Anders als bei einem \u00d6lbad bei dem die Cremigkeit an der Oberfl\u00e4che \u201cschwimmt\u201d, ist beim Schafmilchbad das ganze Wasser cremig und zart. Die Pflege erreicht damit auch Stellen, die sonst nicht so leicht einzucremen sind. Nach dem entspannenden Bad ohne Abduschen einfach aus der Wanne steigen und sich wohlf\u00fchlen. Eine Badepraline reicht f\u00fcr ein Vollbad.<\/p>\n<p>Die Duftkomposition der Badepraline besteht aus den D\u00fcften frischer Wiesenbl\u00fcten, die sich unter der Sommersonne das erste Mal \u00f6ffnen. Nicht zu blumig und nicht zu krautig &#8211; nach kurzer Zeit schwimmen Kornblumen-Bl\u00fcten auf dem Wasser.<\/p>\n<p>Vorsicht, der Duft hat Suchtfaktor!<\/p>\n","protected":false},"excerpt":{"rendered":"<p>Cleopatra nahm Eselsmilch \u2013 wir nehmen Schafmilch! Anders als bei einem \u00d6lbad bei dem die Cremigkeit an der Oberfl\u00e4che \u201cschwimmt\u201d, ist beim Schafmilchbad das ganze Wasser cremig und zart. Die Pflege erreicht damit auch Stellen, die sonst nicht so leicht einzucremen sind. Nach dem entspannenden Bad ohne Abduschen einfach aus der Wanne steigen und sich [&hellip;]<\/p>\n","protected":false},"featured_media":3596,"comment_status":"closed","ping_status":"closed","template":"","meta":[],"product_brand":[],"product_cat":[41,22],"product_tag":[],"class_list":{"0":"post-649","1":"product","2":"type-product","3":"status-publish","4":"has-post-thumbnail","6":"product_cat-koerperpflege","7":"product_cat-seife-kosmetik","9":"first","10":"instock","11":"taxable","12":"shipping-taxable","13":"purchasable","14":"product-type-simple"},"_links":{"self":[{"href":"https:\/\/www.walhalla-lamm.de\/cms\/wp-json\/wp\/v2\/product\/649","targetHints":{"allow":["GET"]}}],"collection":[{"href":"https:\/\/www.walhalla-lamm.de\/cms\/wp-json\/wp\/v2\/product"}],"about":[{"href":"https:\/\/www.walhalla-lamm.de\/cms\/wp-json\/wp\/v2\/types\/product"}],"replies":[{"embeddable":true,"href":"https:\/\/www.walhalla-lamm.de\/cms\/wp-json\/wp\/v2\/comments?post=649"}],"wp:featuredmedia":[{"embeddable":true,"href":"https:\/\/www.walhalla-lamm.de\/cms\/wp-json\/wp\/v2\/media\/3596"}],"wp:attachment":[{"href":"https:\/\/www.walhalla-lamm.de\/cms\/wp-json\/wp\/v2\/media?parent=649"}],"wp:term":[{"taxonomy":"product_brand","embeddable":true,"href":"https:\/\/www.walhalla-lamm.de\/cms\/wp-json\/wp\/v2\/product_brand?post=649"},{"taxonomy":"product_cat","embeddable":true,"href":"https:\/\/www.walhalla-lamm.de\/cms\/wp-json\/wp\/v2\/product_cat?post=649"},{"taxonomy":"product_tag","embeddable":true,"href":"https:\/\/www.walhalla-lamm.de\/cms\/wp-json\/wp\/v2\/product_tag?post=649"}],"curies":[{"name":"wp","href":"https:\/\/api.w.org\/{rel}","templated":true}]}}