{"id":6701,"date":"2024-04-26T17:14:02","date_gmt":"2024-04-26T15:14:02","guid":{"rendered":"https:\/\/www.walhalla-lamm.de\/cms\/?post_type=product&#038;p=6701"},"modified":"2025-12-31T17:48:45","modified_gmt":"2025-12-31T16:48:45","slug":"schafmilchseife-gurke","status":"publish","type":"product","link":"https:\/\/www.walhalla-lamm.de\/cms\/shop\/seife-kosmetik\/100gstuecke\/schafmilchseifen\/schafmilchseife-gurke\/","title":{"rendered":"Schafmilchseife Gurke"},"content":{"rendered":"<p>Spendet der Haut Feuchtigkeit und pflegt geschmeidig zart.<\/p>\n<p><strong>Original Florex\u00ae Schafmilchseife\u00a0<\/strong><br \/>\nist durch ihre hochwertigen Inhaltsstoffe besonders hautvertr\u00e4glich und eignet sich daher auch hervorragend f\u00fcr empfindliche Haut.<\/p>\n<p><strong>Mit biologischer Schafmilch &#8211; Hergestellt in \u00d6sterreich<\/strong><\/p>\n<p><em>Frei von\u00a0F\u00fcllstoffen und\u00a0Silikonen<\/em><\/p>\n<p>&nbsp;<\/p>\n","protected":false},"excerpt":{"rendered":"<p>Spendet der Haut Feuchtigkeit und pflegt geschmeidig zart. Original Florex\u00ae Schafmilchseife\u00a0 ist durch ihre hochwertigen Inhaltsstoffe besonders hautvertr\u00e4glich und eignet sich daher auch hervorragend f\u00fcr empfindliche Haut. Mit biologischer Schafmilch &#8211; Hergestellt in \u00d6sterreich Frei von\u00a0F\u00fcllstoffen und\u00a0Silikonen &nbsp;<\/p>\n","protected":false},"featured_media":6702,"comment_status":"closed","ping_status":"closed","template":"","meta":[],"product_brand":[],"product_cat":[26],"product_tag":[],"class_list":{"0":"post-6701","1":"product","2":"type-product","3":"status-publish","4":"has-post-thumbnail","6":"product_cat-schafmilchseifen","8":"first","9":"outofstock","10":"taxable","11":"shipping-taxable","12":"purchasable","13":"product-type-simple"},"_links":{"self":[{"href":"https:\/\/www.walhalla-lamm.de\/cms\/wp-json\/wp\/v2\/product\/6701","targetHints":{"allow":["GET"]}}],"collection":[{"href":"https:\/\/www.walhalla-lamm.de\/cms\/wp-json\/wp\/v2\/product"}],"about":[{"href":"https:\/\/www.walhalla-lamm.de\/cms\/wp-json\/wp\/v2\/types\/product"}],"replies":[{"embeddable":true,"href":"https:\/\/www.walhalla-lamm.de\/cms\/wp-json\/wp\/v2\/comments?post=6701"}],"wp:featuredmedia":[{"embeddable":true,"href":"https:\/\/www.walhalla-lamm.de\/cms\/wp-json\/wp\/v2\/media\/6702"}],"wp:attachment":[{"href":"https:\/\/www.walhalla-lamm.de\/cms\/wp-json\/wp\/v2\/media?parent=6701"}],"wp:term":[{"taxonomy":"product_brand","embeddable":true,"href":"https:\/\/www.walhalla-lamm.de\/cms\/wp-json\/wp\/v2\/product_brand?post=6701"},{"taxonomy":"product_cat","embeddable":true,"href":"https:\/\/www.walhalla-lamm.de\/cms\/wp-json\/wp\/v2\/product_cat?post=6701"},{"taxonomy":"product_tag","embeddable":true,"href":"https:\/\/www.walhalla-lamm.de\/cms\/wp-json\/wp\/v2\/product_tag?post=6701"}],"curies":[{"name":"wp","href":"https:\/\/api.w.org\/{rel}","templated":true}]}}