{"id":709,"date":"2020-04-27T12:53:18","date_gmt":"2020-04-27T10:53:18","guid":{"rendered":"http:\/\/www.walhalla-lamm.de\/cms\/?post_type=product&#038;p=709"},"modified":"2026-01-15T09:37:33","modified_gmt":"2026-01-15T08:37:33","slug":"schafwoll-kuscheltier-lamm-mit-spieluhr","status":"publish","type":"product","link":"https:\/\/www.walhalla-lamm.de\/cms\/shop\/schafwoll-kuscheltiere\/schafwoll-kuscheltiere-spieluhr\/schafwoll-kuscheltier-lamm-mit-spieluhr\/","title":{"rendered":"Schafwoll-Kuscheltier Lamm mit Spieluhr"},"content":{"rendered":"<p>Tr\u00e4um s\u00fc\u00df!<\/p>\n<p>Der Tag mit all seinen \u00dcberraschungen und Spannungen ist manchmal so aufregend, dass es Ihrem kleinen Liebling manchmal ganz sch\u00f6n schwer f\u00e4llt sich abends zu entspannen und einzuschlafen. Mit unserer L\u00e4mmchen-Spieluhr gelingt das leichter!<\/p>\n<p>Diese liebevoll designte Spieluhr besteht aus echter Schafwolle. Sowohl die H\u00fclle besteht aus echtem Schafwollflor, als auch das Innere des Tieres, das mit Schafwolle gestopft. Im Bauch befindet sich eine Spieluhr, die sich leicht an der Schnur aufziehen l\u00e4sst. Die Spieluhr ist angenehm leise und begleitet so Ihr Kind sanft in den Schlaf.<\/p>\n<p>Bei Untersuchungen wurde festgestellt, dass Schafwolle Aldehyde &#8211; wie z. B. Formaldehyd &#8211; dauerhaft an sich bindet und dadurch zur Entgiftung der Raumluft beitragen kann. Eine \u00fcber der Wiege angebrachte Spieluhr bringt diese Wirkung an den gew\u00fcnschten Platz.<\/p>\n<div><em>Wussten Sie&#8217;s?:<\/em><\/div>\n<div><em>Das Geh\u00f6r ist das erste Sinnesorgan, das ausgereift ist. Ab der 6. Schwangerschaftswoche erf\u00e4hrt Ihr Baby viel von der Welt &#8211; durch seine Ohren. <\/em><br \/>\n<em>G\u00f6nnen Sie Ihrem Ungeborenen schon ab der fr\u00fchen Schwangerschaft eine regelm\u00e4\u00dfige Melodie! Es ist gut, m\u00f6glichst fr\u00fch eine Spieluhr zu haben\u00a0und zu Ruhezeiten der\u00a0Schwangeren in der N\u00e4he des Bauchs aufzuziehen. Die Chance, dass das Baby diese Melodie auch nach der Geburt mit Stille, Ruhe, Entspannung\u00a0und Geborgenheit gleichsetzt und deshalb leichter in den Schlaf findet, ist umso gr\u00f6sser, je eher es &#8220;seine&#8221; Spieluhr kennenlernt.\u00a0<\/em><\/div>\n<div><em>Viele Schwangere berichten, dass schon das Ungeborene merklich auf die vertraute Melodie reagiert.\u00a0Nach einer gewissen Gew\u00f6hnungsphase profitieren auch die werdenden M\u00fctter von ruhigeren N\u00e4chten. <\/em><\/div>\n<div><\/div>\n<p>Gr\u00f6\u00dfe: 20 cm<\/p>\n<p>Pflegehinweis: mit feuchtem Tuch abwaschbar, nicht waschmaschinenfest<\/p>\n","protected":false},"excerpt":{"rendered":"<p>W\u00e4hlen Sie die gew\u00fcnschte Melodie f\u00fcr die eingebaute Spieluhr aus.<\/p>\n","protected":false},"featured_media":4704,"comment_status":"closed","ping_status":"closed","template":"","meta":[],"product_brand":[],"product_cat":[47],"product_tag":[],"class_list":{"0":"post-709","1":"product","2":"type-product","3":"status-publish","4":"has-post-thumbnail","6":"product_cat-schafwoll-kuscheltiere-spieluhr","8":"first","9":"instock","10":"taxable","11":"shipping-taxable","12":"purchasable","13":"product-type-variable","14":"has-default-attributes"},"_links":{"self":[{"href":"https:\/\/www.walhalla-lamm.de\/cms\/wp-json\/wp\/v2\/product\/709","targetHints":{"allow":["GET"]}}],"collection":[{"href":"https:\/\/www.walhalla-lamm.de\/cms\/wp-json\/wp\/v2\/product"}],"about":[{"href":"https:\/\/www.walhalla-lamm.de\/cms\/wp-json\/wp\/v2\/types\/product"}],"replies":[{"embeddable":true,"href":"https:\/\/www.walhalla-lamm.de\/cms\/wp-json\/wp\/v2\/comments?post=709"}],"wp:featuredmedia":[{"embeddable":true,"href":"https:\/\/www.walhalla-lamm.de\/cms\/wp-json\/wp\/v2\/media\/4704"}],"wp:attachment":[{"href":"https:\/\/www.walhalla-lamm.de\/cms\/wp-json\/wp\/v2\/media?parent=709"}],"wp:term":[{"taxonomy":"product_brand","embeddable":true,"href":"https:\/\/www.walhalla-lamm.de\/cms\/wp-json\/wp\/v2\/product_brand?post=709"},{"taxonomy":"product_cat","embeddable":true,"href":"https:\/\/www.walhalla-lamm.de\/cms\/wp-json\/wp\/v2\/product_cat?post=709"},{"taxonomy":"product_tag","embeddable":true,"href":"https:\/\/www.walhalla-lamm.de\/cms\/wp-json\/wp\/v2\/product_tag?post=709"}],"curies":[{"name":"wp","href":"https:\/\/api.w.org\/{rel}","templated":true}]}}