{"id":712,"date":"2020-04-27T20:05:50","date_gmt":"2020-04-27T18:05:50","guid":{"rendered":"http:\/\/www.walhalla-lamm.de\/cms\/?post_type=product&#038;p=712"},"modified":"2026-02-07T04:38:05","modified_gmt":"2026-02-07T03:38:05","slug":"rasierschale-rasiertiegel-mit-muster","status":"publish","type":"product","link":"https:\/\/www.walhalla-lamm.de\/cms\/shop\/kosmetikzubehoer\/rasierschale-rasiertiegel-mit-muster\/","title":{"rendered":"Rasierschale \/ Rasiertiegel mit Muster"},"content":{"rendered":"<p>Rasierschale \/ Rasiertiegel mit Muster<\/p>\n<p>&nbsp;<\/p>\n<p>Rasierseifenschale aus Keramik &#8211; \u00d8 9 cm &#8211; zum Aufsch\u00e4umen der Rasierseife.<\/p>\n<p>Kosmetik f\u00fcr M\u00e4nner f\u00e4ngt mit der Rasur an &#8211; und zu einer perfekten Rasur geh\u00f6ren perfekte Utensilien:<br \/>\nSeifenschale, Rasierpinsel, Rasiermesser &#8211; praktisch, hochwertig und \u00e4sthetisch.<\/p>\n","protected":false},"excerpt":{"rendered":"<p>Rasierschale \/ Rasiertiegel mit Muster &nbsp; Rasierseifenschale aus Keramik &#8211; \u00d8 9 cm &#8211; zum Aufsch\u00e4umen der Rasierseife. Kosmetik f\u00fcr M\u00e4nner f\u00e4ngt mit der Rasur an &#8211; und zu einer perfekten Rasur geh\u00f6ren perfekte Utensilien: Seifenschale, Rasierpinsel, Rasiermesser &#8211; praktisch, hochwertig und \u00e4sthetisch.<\/p>\n","protected":false},"featured_media":4480,"comment_status":"closed","ping_status":"closed","template":"","meta":[],"product_brand":[],"product_cat":[42],"product_tag":[],"class_list":{"0":"post-712","1":"product","2":"type-product","3":"status-publish","4":"has-post-thumbnail","6":"product_cat-kosmetikzubehoer","8":"first","9":"instock","10":"taxable","11":"shipping-taxable","12":"purchasable","13":"product-type-simple"},"_links":{"self":[{"href":"https:\/\/www.walhalla-lamm.de\/cms\/wp-json\/wp\/v2\/product\/712","targetHints":{"allow":["GET"]}}],"collection":[{"href":"https:\/\/www.walhalla-lamm.de\/cms\/wp-json\/wp\/v2\/product"}],"about":[{"href":"https:\/\/www.walhalla-lamm.de\/cms\/wp-json\/wp\/v2\/types\/product"}],"replies":[{"embeddable":true,"href":"https:\/\/www.walhalla-lamm.de\/cms\/wp-json\/wp\/v2\/comments?post=712"}],"wp:featuredmedia":[{"embeddable":true,"href":"https:\/\/www.walhalla-lamm.de\/cms\/wp-json\/wp\/v2\/media\/4480"}],"wp:attachment":[{"href":"https:\/\/www.walhalla-lamm.de\/cms\/wp-json\/wp\/v2\/media?parent=712"}],"wp:term":[{"taxonomy":"product_brand","embeddable":true,"href":"https:\/\/www.walhalla-lamm.de\/cms\/wp-json\/wp\/v2\/product_brand?post=712"},{"taxonomy":"product_cat","embeddable":true,"href":"https:\/\/www.walhalla-lamm.de\/cms\/wp-json\/wp\/v2\/product_cat?post=712"},{"taxonomy":"product_tag","embeddable":true,"href":"https:\/\/www.walhalla-lamm.de\/cms\/wp-json\/wp\/v2\/product_tag?post=712"}],"curies":[{"name":"wp","href":"https:\/\/api.w.org\/{rel}","templated":true}]}}