{"id":719,"date":"2020-04-28T09:56:04","date_gmt":"2020-04-28T07:56:04","guid":{"rendered":"http:\/\/www.walhalla-lamm.de\/cms\/?post_type=product&#038;p=719"},"modified":"2025-12-31T06:54:54","modified_gmt":"2025-12-31T05:54:54","slug":"schafwoll-filz-einlegesohlen-mit-latexbeschichtung","status":"publish","type":"product","link":"https:\/\/www.walhalla-lamm.de\/cms\/shop\/filzprodukte\/schafwoll-filz-einlegesohlen-mit-latexbeschichtung\/","title":{"rendered":"Schafwoll-Filz Einlegesohlen mit Latexbeschichtung"},"content":{"rendered":"<p>Einlegesohlen aus 100% Schafwolle,\u00a0 weich und anschmiegsam an den Fu\u00df. Unsere Einlegesohlen sind nur locker gefilzt, daher bleibt stets eine gro\u00dfe Menge Luft in der Sohle eingeschlossen, die den Fu\u00df isoliert. Auf der Unterseite sind unsere Einlegesohlen mit einer Beschichtung aus Naturlatex ausgestattet, die zuverl\u00e4ssig verhindert, dass die Sohle im Schuh rutscht und dennoch erm\u00f6glicht, sie leicht herauszunehmen &#8211; z. B. um sie in anderen Schuhen zu verwenden.<\/p>\n<p>Nicht nur im Winter finden die Einlegesohlen Verwendung: Sie sind auch f\u00fcr das Wandern im Sommer einer unserer Bestseller.<\/p>\n<p><em>Unsere Filz-Einlegesohlen werden in einer Manufaktur hergestellt, in der wir unsere eigene Schafwolle weiterverarbeiten lassen.<\/em><\/p>\n","protected":false},"excerpt":{"rendered":"<p>Einlegesohlen aus 100% Schafwolle,\u00a0 weich und anschmiegsam an den Fu\u00df. Unsere Einlegesohlen sind nur locker gefilzt, daher bleibt stets eine gro\u00dfe Menge Luft in der Sohle eingeschlossen, die den Fu\u00df isoliert. Auf der Unterseite sind unsere Einlegesohlen mit einer Beschichtung aus Naturlatex ausgestattet, die zuverl\u00e4ssig verhindert, dass die Sohle im Schuh rutscht und dennoch erm\u00f6glicht, [&hellip;]<\/p>\n","protected":false},"featured_media":4660,"comment_status":"closed","ping_status":"closed","template":"","meta":[],"product_brand":[],"product_cat":[135],"product_tag":[],"class_list":{"0":"post-719","1":"product","2":"type-product","3":"status-publish","4":"has-post-thumbnail","6":"product_cat-filzprodukte","8":"first","9":"instock","10":"taxable","11":"shipping-taxable","12":"purchasable","13":"product-type-variable"},"_links":{"self":[{"href":"https:\/\/www.walhalla-lamm.de\/cms\/wp-json\/wp\/v2\/product\/719","targetHints":{"allow":["GET"]}}],"collection":[{"href":"https:\/\/www.walhalla-lamm.de\/cms\/wp-json\/wp\/v2\/product"}],"about":[{"href":"https:\/\/www.walhalla-lamm.de\/cms\/wp-json\/wp\/v2\/types\/product"}],"replies":[{"embeddable":true,"href":"https:\/\/www.walhalla-lamm.de\/cms\/wp-json\/wp\/v2\/comments?post=719"}],"wp:featuredmedia":[{"embeddable":true,"href":"https:\/\/www.walhalla-lamm.de\/cms\/wp-json\/wp\/v2\/media\/4660"}],"wp:attachment":[{"href":"https:\/\/www.walhalla-lamm.de\/cms\/wp-json\/wp\/v2\/media?parent=719"}],"wp:term":[{"taxonomy":"product_brand","embeddable":true,"href":"https:\/\/www.walhalla-lamm.de\/cms\/wp-json\/wp\/v2\/product_brand?post=719"},{"taxonomy":"product_cat","embeddable":true,"href":"https:\/\/www.walhalla-lamm.de\/cms\/wp-json\/wp\/v2\/product_cat?post=719"},{"taxonomy":"product_tag","embeddable":true,"href":"https:\/\/www.walhalla-lamm.de\/cms\/wp-json\/wp\/v2\/product_tag?post=719"}],"curies":[{"name":"wp","href":"https:\/\/api.w.org\/{rel}","templated":true}]}}