{"id":7666,"date":"2025-05-21T08:16:49","date_gmt":"2025-05-21T06:16:49","guid":{"rendered":"https:\/\/www.walhalla-lamm.de\/cms\/?post_type=product&#038;p=7666"},"modified":"2026-03-28T18:06:04","modified_gmt":"2026-03-28T17:06:04","slug":"haarseife-mit-schafmilch-brennnessel","status":"publish","type":"product","link":"https:\/\/www.walhalla-lamm.de\/cms\/shop\/seife-kosmetik\/spezialseifen\/haarseife-mit-schafmilch-brennnessel\/","title":{"rendered":"Haarseife mit Schafmilch Brennnessel"},"content":{"rendered":"<p>Nachhaltig und plastikfrei Haare waschen.<\/p>\n<p>Diese Seife sorgt durch Zugabe von hochwertigen \u00d6len, speziell f\u00fcr die Haarw\u00e4sche, f\u00fcr weiche, geschmeidige und gl\u00e4nzende Haare und kr\u00e4ftigen es gleichzeitig. Die Shampoo-Seife Brennnessel wird in Deutschland produziert und ist hergestellt aus hochwertiger Schafmilch und Brennnesselextrakt unter Verwendung von Fetten und \u00d6len aus kontrolliert biologischen Anbau. Die Schafmilch in der Seife pflegt die Kopfhaut optimal und nachhaltig.<\/p>\n<p>Die Schafmilch-Haarseife verstr\u00f6mt einen sanften und unaufdringlichen Duft beim Waschen.<\/p>\n<p>Diese Seife empfehlen wir besonders f\u00fcr Kunden mit l\u00e4ngeren Haaren.<\/p>\n<p>Zum Waschen der Haare einfach die Seife zwischen den Handfl\u00e4chen aufsch\u00e4umen, mit den Fingerspitzen vom Ansatz aus einmassieren, kurz einwirken lassen, gr\u00fcndlich aussp\u00fclen. Bei kurzen Haaren k\u00f6nnen Sie mit dem Seifenst\u00fcck auch direkt \u00fcber der nassen Kopf 3-4mal fahren und anschlie\u00dfend Ihr Haar aufsch\u00e4umen.<\/p>\n<p>Nach der Anwendung sollte die Haarseife wieder richtig abtrocknen, damit Sie lange Freude an ihr haben und sie ihre Ergiebigkeit entfalten kann. Am besten nutzt man hier einen Travertin-Seifenstein.<\/p>\n","protected":false},"excerpt":{"rendered":"<p>Nachhaltig und plastikfrei Haare waschen. Diese Seife sorgt durch Zugabe von hochwertigen \u00d6len, speziell f\u00fcr die Haarw\u00e4sche, f\u00fcr weiche, geschmeidige und gl\u00e4nzende Haare und kr\u00e4ftigen es gleichzeitig. Die Shampoo-Seife Brennnessel wird in Deutschland produziert und ist hergestellt aus hochwertiger Schafmilch und Brennnesselextrakt unter Verwendung von Fetten und \u00d6len aus kontrolliert biologischen Anbau. Die Schafmilch in [&hellip;]<\/p>\n","protected":false},"featured_media":7665,"comment_status":"closed","ping_status":"closed","template":"","meta":[],"product_brand":[],"product_cat":[43],"product_tag":[],"class_list":{"0":"post-7666","1":"product","2":"type-product","3":"status-publish","4":"has-post-thumbnail","6":"product_cat-spezialseifen","8":"first","9":"instock","10":"taxable","11":"shipping-taxable","12":"purchasable","13":"product-type-simple"},"_links":{"self":[{"href":"https:\/\/www.walhalla-lamm.de\/cms\/wp-json\/wp\/v2\/product\/7666","targetHints":{"allow":["GET"]}}],"collection":[{"href":"https:\/\/www.walhalla-lamm.de\/cms\/wp-json\/wp\/v2\/product"}],"about":[{"href":"https:\/\/www.walhalla-lamm.de\/cms\/wp-json\/wp\/v2\/types\/product"}],"replies":[{"embeddable":true,"href":"https:\/\/www.walhalla-lamm.de\/cms\/wp-json\/wp\/v2\/comments?post=7666"}],"wp:featuredmedia":[{"embeddable":true,"href":"https:\/\/www.walhalla-lamm.de\/cms\/wp-json\/wp\/v2\/media\/7665"}],"wp:attachment":[{"href":"https:\/\/www.walhalla-lamm.de\/cms\/wp-json\/wp\/v2\/media?parent=7666"}],"wp:term":[{"taxonomy":"product_brand","embeddable":true,"href":"https:\/\/www.walhalla-lamm.de\/cms\/wp-json\/wp\/v2\/product_brand?post=7666"},{"taxonomy":"product_cat","embeddable":true,"href":"https:\/\/www.walhalla-lamm.de\/cms\/wp-json\/wp\/v2\/product_cat?post=7666"},{"taxonomy":"product_tag","embeddable":true,"href":"https:\/\/www.walhalla-lamm.de\/cms\/wp-json\/wp\/v2\/product_tag?post=7666"}],"curies":[{"name":"wp","href":"https:\/\/api.w.org\/{rel}","templated":true}]}}