{"id":7744,"date":"2025-06-10T18:04:11","date_gmt":"2025-06-10T16:04:11","guid":{"rendered":"https:\/\/www.walhalla-lamm.de\/cms\/?post_type=product&#038;p=7744"},"modified":"2026-03-31T18:09:38","modified_gmt":"2026-03-31T16:09:38","slug":"schafmilchseife-meerprinzessin-bluetenzauber","status":"publish","type":"product","link":"https:\/\/www.walhalla-lamm.de\/cms\/shop\/seife-kosmetik\/100gstuecke\/schafmilchseifen\/schafmilchseife-meerprinzessin-bluetenzauber\/","title":{"rendered":"Schafmilchseife Meerprinzessin (Bl\u00fctenzauber)"},"content":{"rendered":"<p>Tauche als kleine Meerprinzessin ein in eine magische Unterwasserwelt.<\/p>\n<p><strong>Original Florex\u00ae\u00a0Kinderwelt Schafmilchseife<\/strong><br \/>\nist besonders gut geeignet f\u00fcr das t\u00e4gliche Hautpflege-Ritual von kleinen Meerprinzessinnen.<\/p>\n<div class=\"bs-example\">\n<div class=\"tab-content noborder\">\n<div id=\"Beschreibung\" class=\"tab-pane fade show active\">\n<p>Die sanfte Rezeptur tr\u00e4gt dazu bei die Haut kleiner Meerprinzessinnen gesund und geschmeidig zu erhalten. Florex-Kinderwelt Schafmilchseife, hergestellt mit hochwertigen Inhaltsstoffen, ist vielseitig einsetzbar und eignet sich perfekt f\u00fcr Gesicht, K\u00f6rper und H\u00e4nde.<\/p>\n<ul>\n<li>Spendet Feuchtigkeit und sch\u00fctzt die Haut vor dem Austrocknen<\/li>\n<li>Reinigt sanft und gr\u00fcndlich kleine Kinderh\u00e4nde<\/li>\n<li>Macht H\u00e4ndewaschen f\u00fcr kleine Meerprinzessinnen\u00a0zum magischen Erlebnis<\/li>\n<li>F\u00fcr sensible Kinderhaut<\/li>\n<li>Ideale Kombination aus Pflege und Spa\u00df<\/li>\n<li>Mit biologischer Schafmilch<\/li>\n<\/ul>\n<p><strong>Tipp:<\/strong>\u00a0Durch die milde und pflegende Rezeptur auch f\u00fcr die sanfte Reinigung von Gesicht und K\u00f6rper geeignet.<\/p>\n<\/div>\n<\/div>\n<\/div>\n<div class=\"details-information\"><\/div>\n","protected":false},"excerpt":{"rendered":"<p>Tauche als kleine Meerprinzessin ein in eine magische Unterwasserwelt. Original Florex\u00ae\u00a0Kinderwelt Schafmilchseife ist besonders gut geeignet f\u00fcr das t\u00e4gliche Hautpflege-Ritual von kleinen Meerprinzessinnen. Die sanfte Rezeptur tr\u00e4gt dazu bei die Haut kleiner Meerprinzessinnen gesund und geschmeidig zu erhalten. Florex-Kinderwelt Schafmilchseife, hergestellt mit hochwertigen Inhaltsstoffen, ist vielseitig einsetzbar und eignet sich perfekt f\u00fcr Gesicht, K\u00f6rper und [&hellip;]<\/p>\n","protected":false},"featured_media":7746,"comment_status":"closed","ping_status":"closed","template":"","meta":[],"product_brand":[],"product_cat":[26],"product_tag":[],"class_list":{"0":"post-7744","1":"product","2":"type-product","3":"status-publish","4":"has-post-thumbnail","6":"product_cat-schafmilchseifen","8":"first","9":"instock","10":"taxable","11":"shipping-taxable","12":"purchasable","13":"product-type-simple"},"_links":{"self":[{"href":"https:\/\/www.walhalla-lamm.de\/cms\/wp-json\/wp\/v2\/product\/7744","targetHints":{"allow":["GET"]}}],"collection":[{"href":"https:\/\/www.walhalla-lamm.de\/cms\/wp-json\/wp\/v2\/product"}],"about":[{"href":"https:\/\/www.walhalla-lamm.de\/cms\/wp-json\/wp\/v2\/types\/product"}],"replies":[{"embeddable":true,"href":"https:\/\/www.walhalla-lamm.de\/cms\/wp-json\/wp\/v2\/comments?post=7744"}],"wp:featuredmedia":[{"embeddable":true,"href":"https:\/\/www.walhalla-lamm.de\/cms\/wp-json\/wp\/v2\/media\/7746"}],"wp:attachment":[{"href":"https:\/\/www.walhalla-lamm.de\/cms\/wp-json\/wp\/v2\/media?parent=7744"}],"wp:term":[{"taxonomy":"product_brand","embeddable":true,"href":"https:\/\/www.walhalla-lamm.de\/cms\/wp-json\/wp\/v2\/product_brand?post=7744"},{"taxonomy":"product_cat","embeddable":true,"href":"https:\/\/www.walhalla-lamm.de\/cms\/wp-json\/wp\/v2\/product_cat?post=7744"},{"taxonomy":"product_tag","embeddable":true,"href":"https:\/\/www.walhalla-lamm.de\/cms\/wp-json\/wp\/v2\/product_tag?post=7744"}],"curies":[{"name":"wp","href":"https:\/\/api.w.org\/{rel}","templated":true}]}}