{"id":7757,"date":"2025-06-10T21:00:41","date_gmt":"2025-06-10T19:00:41","guid":{"rendered":"https:\/\/www.walhalla-lamm.de\/cms\/?post_type=product&#038;p=7757"},"modified":"2025-09-28T09:24:19","modified_gmt":"2025-09-28T07:24:19","slug":"pflanzenoelseife-hafer-honig-handgesiedete-naturseife","status":"publish","type":"product","link":"https:\/\/www.walhalla-lamm.de\/cms\/shop\/seife-kosmetik\/100gstuecke\/pflanzenoelseife-hafer-honig-handgesiedete-naturseife\/","title":{"rendered":"Pflanzen\u00f6lseife Hafer-Honig &#8211; handgesiedete Naturseife"},"content":{"rendered":"<p>Ein ganz besonderer hautpflegender Genuss:<\/p>\n<p>Leckerer Honig-Hafer-Duft und ein Peeling-Effekt durch Haferspelzen &#8211; perfekt f\u00fcr die t\u00e4gliche Gesichts- und Ganzk\u00f6rperreinigung.<\/p>\n<p>&nbsp;<\/p>\n","protected":false},"excerpt":{"rendered":"<p>Ein ganz besonderer hautpflegender Genuss: Leckerer Honig-Hafer-Duft und ein Peeling-Effekt durch Haferspelzen &#8211; perfekt f\u00fcr die t\u00e4gliche Gesichts- und Ganzk\u00f6rperreinigung. &nbsp;<\/p>\n","protected":false},"featured_media":7764,"comment_status":"closed","ping_status":"closed","template":"","meta":[],"product_brand":[],"product_cat":[25,22],"product_tag":[],"class_list":{"0":"post-7757","1":"product","2":"type-product","3":"status-publish","4":"has-post-thumbnail","6":"product_cat-100gstuecke","7":"product_cat-seife-kosmetik","9":"first","10":"instock","11":"taxable","12":"shipping-taxable","13":"purchasable","14":"product-type-simple"},"_links":{"self":[{"href":"https:\/\/www.walhalla-lamm.de\/cms\/wp-json\/wp\/v2\/product\/7757","targetHints":{"allow":["GET"]}}],"collection":[{"href":"https:\/\/www.walhalla-lamm.de\/cms\/wp-json\/wp\/v2\/product"}],"about":[{"href":"https:\/\/www.walhalla-lamm.de\/cms\/wp-json\/wp\/v2\/types\/product"}],"replies":[{"embeddable":true,"href":"https:\/\/www.walhalla-lamm.de\/cms\/wp-json\/wp\/v2\/comments?post=7757"}],"wp:featuredmedia":[{"embeddable":true,"href":"https:\/\/www.walhalla-lamm.de\/cms\/wp-json\/wp\/v2\/media\/7764"}],"wp:attachment":[{"href":"https:\/\/www.walhalla-lamm.de\/cms\/wp-json\/wp\/v2\/media?parent=7757"}],"wp:term":[{"taxonomy":"product_brand","embeddable":true,"href":"https:\/\/www.walhalla-lamm.de\/cms\/wp-json\/wp\/v2\/product_brand?post=7757"},{"taxonomy":"product_cat","embeddable":true,"href":"https:\/\/www.walhalla-lamm.de\/cms\/wp-json\/wp\/v2\/product_cat?post=7757"},{"taxonomy":"product_tag","embeddable":true,"href":"https:\/\/www.walhalla-lamm.de\/cms\/wp-json\/wp\/v2\/product_tag?post=7757"}],"curies":[{"name":"wp","href":"https:\/\/api.w.org\/{rel}","templated":true}]}}