{"id":900,"date":"2020-05-11T18:15:57","date_gmt":"2020-05-11T16:15:57","guid":{"rendered":"http:\/\/www.walhalla-lamm.de\/cms\/?post_type=product&#038;p=900"},"modified":"2026-01-15T07:33:09","modified_gmt":"2026-01-15T06:33:09","slug":"huettenpatschen-fellstiefel-hellbraun","status":"publish","type":"product","link":"https:\/\/www.walhalla-lamm.de\/cms\/shop\/fellprodukte\/huettenpatschen-fellstiefel-hellbraun\/","title":{"rendered":"H\u00fcttenpatschen Fellstiefel hellbraun"},"content":{"rendered":"<p>Kuscheliges an den F\u00fc\u00dfen<\/p>\n<p>Unsere H\u00fcttenschuhe f\u00fcr Damen und Herren mit hochklappbarem Fellkragen sind aus reinem Lammfell angefertigt. Da dr\u00fcckt nichts und man f\u00fchlt sich einfach wohl.<\/p>\n<p>In diesen geschlossenen H\u00fcttenschuhen werden Ihre F\u00fc\u00dfe auch nicht schwitzen, da das Fell auf nat\u00fcrliche Weise W\u00e4rme und K\u00e4lte reguliert. Sowohl im Winter als auch im Sommer nicht zuletzt durch die elastisch weiche Wildledersohle Wellness pur f\u00fcr Ihre F\u00fc\u00dfe.<\/p>\n<p>Probieren Sie ihn aus, Sie werden begeistert sein!<\/p>\n<p>&nbsp;<\/p>\n<p>Material au\u00dfen: Velourleder, mit verst\u00e4rkter Ledersohle<\/p>\n<p>Material innen: 100 % Lammfell, auch die Innensohle<\/p>\n<p>Innensohle aus Lammfell<\/p>\n<p>Wichtig: Bestellen Sie bei diesem Modell Ihre Standard Schuhgr\u00f6\u00dfe. Naturmaterialien wie Lammfell und Leder passen sich Ihrem Fu\u00df an und geben beim Tragen nach.<\/p>\n<p>&nbsp;<\/p>\n","protected":false},"excerpt":{"rendered":"<p>Kuscheliges an den F\u00fc\u00dfen Unsere H\u00fcttenschuhe f\u00fcr Damen und Herren mit hochklappbarem Fellkragen sind aus reinem Lammfell angefertigt. Da dr\u00fcckt nichts und man f\u00fchlt sich einfach wohl. In diesen geschlossenen H\u00fcttenschuhen werden Ihre F\u00fc\u00dfe auch nicht schwitzen, da das Fell auf nat\u00fcrliche Weise W\u00e4rme und K\u00e4lte reguliert. Sowohl im Winter als auch im Sommer nicht [&hellip;]<\/p>\n","protected":false},"featured_media":2146,"comment_status":"closed","ping_status":"closed","template":"","meta":[],"product_brand":[],"product_cat":[72],"product_tag":[],"class_list":{"0":"post-900","1":"product","2":"type-product","3":"status-publish","4":"has-post-thumbnail","6":"product_cat-fellprodukte","8":"first","9":"instock","10":"taxable","11":"shipping-taxable","12":"purchasable","13":"product-type-variable","14":"has-default-attributes"},"_links":{"self":[{"href":"https:\/\/www.walhalla-lamm.de\/cms\/wp-json\/wp\/v2\/product\/900","targetHints":{"allow":["GET"]}}],"collection":[{"href":"https:\/\/www.walhalla-lamm.de\/cms\/wp-json\/wp\/v2\/product"}],"about":[{"href":"https:\/\/www.walhalla-lamm.de\/cms\/wp-json\/wp\/v2\/types\/product"}],"replies":[{"embeddable":true,"href":"https:\/\/www.walhalla-lamm.de\/cms\/wp-json\/wp\/v2\/comments?post=900"}],"wp:featuredmedia":[{"embeddable":true,"href":"https:\/\/www.walhalla-lamm.de\/cms\/wp-json\/wp\/v2\/media\/2146"}],"wp:attachment":[{"href":"https:\/\/www.walhalla-lamm.de\/cms\/wp-json\/wp\/v2\/media?parent=900"}],"wp:term":[{"taxonomy":"product_brand","embeddable":true,"href":"https:\/\/www.walhalla-lamm.de\/cms\/wp-json\/wp\/v2\/product_brand?post=900"},{"taxonomy":"product_cat","embeddable":true,"href":"https:\/\/www.walhalla-lamm.de\/cms\/wp-json\/wp\/v2\/product_cat?post=900"},{"taxonomy":"product_tag","embeddable":true,"href":"https:\/\/www.walhalla-lamm.de\/cms\/wp-json\/wp\/v2\/product_tag?post=900"}],"curies":[{"name":"wp","href":"https:\/\/api.w.org\/{rel}","templated":true}]}}